{"id":2321,"date":"2019-10-07T11:42:52","date_gmt":"2019-10-07T11:42:52","guid":{"rendered":"https:\/\/bikin-brela.com\/find-us\/"},"modified":"2021-03-19T10:27:37","modified_gmt":"2021-03-19T10:27:37","slug":"pronadite-nas","status":"publish","type":"page","link":"https:\/\/bikin-brela.com\/hr\/pronadite-nas\/","title":{"rendered":"Prona\u0111ite nas"},"content":{"rendered":"<div class=\"wpb-content-wrapper\"><p>[vc_row][vc_column width=&#8221;1\/2&#8243;][vc_row_inner][vc_column_inner width=&#8221;1\/6&#8243; offset=&#8221;vc_col-lg-2 vc_col-md-2 vc_col-xs-2&#8243;][vc_icon icon_fontawesome=&#8221;fa fa-plane&#8221; color=&#8221;white&#8221; background_style=&#8221;rounded&#8221;][\/vc_column_inner][vc_column_inner width=&#8221;5\/6&#8243; offset=&#8221;vc_col-lg-10 vc_col-md-10 vc_col-xs-10&#8243;][vc_column_text]Zra\u010dne luke koje se nalaze u blizini su <a style=\"text-decoration: underline;\" href=\"http:\/\/www.split-airport.hr\/index.php?lang=hr\" target=\"_blank\" rel=\"noopener noreferrer\">Zra\u010dna luka Split<\/a> , <a style=\"text-decoration: underline;\" href=\"https:\/\/www.zadar-airport.hr\/\" target=\"_blank\" rel=\"noopener noreferrer\">Zra\u010dna luka Zadar<\/a> te <a style=\"text-decoration: underline;\" href=\"https:\/\/www.airport-dubrovnik.hr\/\" target=\"_blank\" rel=\"noopener noreferrer\">Zra\u010dna luka Dubrovnik<\/a>.[\/vc_column_text][\/vc_column_inner][\/vc_row_inner]<div style=\"background-color:;height: 30px\" class=\"nicdark_section  \"><\/div>[\/vc_column][vc_column width=&#8221;1\/2&#8243;][vc_row_inner][vc_column_inner width=&#8221;1\/6&#8243; offset=&#8221;vc_col-lg-2 vc_col-md-2 vc_col-xs-2&#8243;][vc_icon icon_fontawesome=&#8221;fa fa-ship&#8221; color=&#8221;white&#8221; background_style=&#8221;rounded&#8221;][\/vc_column_inner][vc_column_inner width=&#8221;5\/6&#8243; offset=&#8221;vc_col-lg-10 vc_col-md-10 vc_col-xs-10&#8243;][vc_column_text]Listu trajekata koji plove na lokalnim linijama mo\u017eete provjeriti na web stranicama <a style=\"text-decoration: underline;\" href=\"https:\/\/www.jadrolinija.hr\/o-nama\/brodovi\/trajekti\" target=\"_blank\" rel=\"noopener noreferrer\">Jadrolinije<\/a>.[\/vc_column_text][\/vc_column_inner][\/vc_row_inner]<div style=\"background-color:;height: 30px\" class=\"nicdark_section  \"><\/div>[\/vc_column][\/vc_row][vc_row][vc_column width=&#8221;1\/2&#8243;][vc_row_inner][vc_column_inner width=&#8221;1\/6&#8243; offset=&#8221;vc_col-lg-2 vc_col-md-2 vc_col-xs-2&#8243;][vc_icon icon_fontawesome=&#8221;fa fa-bus&#8221; color=&#8221;white&#8221; background_style=&#8221;rounded&#8221;][\/vc_column_inner][vc_column_inner width=&#8221;5\/6&#8243; offset=&#8221;vc_col-lg-10 vc_col-md-10 vc_col-xs-10&#8243;][vc_column_text]Autobusne linije mo\u017eete pretra\u017eiti na web stranicama prijevoznika <a style=\"text-decoration: underline;\" href=\"http:\/\/www.promet-makarska.hr\/\" target=\"_blank\" rel=\"noopener noreferrer\">Promet Makarska<\/a>, te na web stranicama <a style=\"text-decoration: underline;\" href=\"https:\/\/www.ak-split.hr\/\" target=\"_blank\" rel=\"noopener noreferrer\">Autobusnog kolodvora Split<\/a>.[\/vc_column_text][\/vc_column_inner][\/vc_row_inner]<div style=\"background-color:;height: 30px\" class=\"nicdark_section  \"><\/div>[\/vc_column][vc_column width=&#8221;1\/2&#8243;][vc_row_inner][vc_column_inner width=&#8221;1\/6&#8243; offset=&#8221;vc_col-lg-2 vc_col-md-2 vc_col-xs-2&#8243;][vc_icon icon_fontawesome=&#8221;fa fa-train&#8221; color=&#8221;white&#8221; background_style=&#8221;rounded&#8221;][\/vc_column_inner][vc_column_inner width=&#8221;5\/6&#8243; offset=&#8221;vc_col-lg-10 vc_col-md-10 vc_col-xs-10&#8243;][vc_column_text]Vozni red vlakova mo\u017eete provjeriti na web stranicama <a style=\"text-decoration: underline;\" href=\"https:\/\/prodaja.hzpp.hr\/\" target=\"_blank\" rel=\"noopener noreferrer\">H\u017d Putni\u010dki prijevoz<\/a>.[\/vc_column_text][\/vc_column_inner][\/vc_row_inner]<div style=\"background-color:;height: 30px\" class=\"nicdark_section  \"><\/div>[\/vc_column][\/vc_row][vc_row][vc_column]<div style=\"background-color:;height: 20px\" class=\"nicdark_section  \"><\/div>[\/vc_column][\/vc_row][vc_row][vc_column][vc_raw_html]JTNDaWZyYW1lJTIwc3R5bGUlM0QlMjJib3JkZXIlM0ElMjAwJTNCJTIyJTIwc3JjJTNEJTIyaHR0cHMlM0ElMkYlMkZ3d3cuZ29vZ2xlLmNvbSUyRm1hcHMlMkZlbWJlZCUzRnBiJTNEJTIxMW0xNCUyMTFtOCUyMTFtMyUyMTFkMTE1OTkuNTg5MjI0ODI4NDglMjEyZDE2LjkwNzU5MzUwNzg3MzUzNiUyMTNkNDMuMzc5MTcxMjY3MzY1NzIlMjEzbTIlMjExaTEwMjQlMjEyaTc2OCUyMTRmMTMuMSUyMTNtMyUyMTFtMiUyMTFzMHgwJTI1M0EweGQzYTMzMzU2YTIzYzkzODklMjEyc0FwYXJ0bWVudHMlMjUyMEJpa2luJTIxNWUwJTIxM20yJTIxMXNociUyMTJzaHIlMjE0djE1NzEzODc3MjEzMTIlMjE1bTIlMjExc2hyJTIxMnNociUyMiUyMHdpZHRoJTNEJTIyMTAwJTI1JTIyJTIwaGVpZ2h0JTNEJTIyNDUwJTIyJTIwZnJhbWVib3JkZXIlM0QlMjIwJTIyJTIwYWxsb3dmdWxsc2NyZWVuJTNEJTIyYWxsb3dmdWxsc2NyZWVuJTIyJTNFJTNDJTJGaWZyYW1lJTNF[\/vc_raw_html][\/vc_column][\/vc_row]<\/p>\n<\/div>","protected":false},"excerpt":{"rendered":"<p>[vc_row][vc_column width=&#8221;1\/2&#8243;][vc_row_inner][vc_column_inner width=&#8221;1\/6&#8243; offset=&#8221;vc_col-lg-2 vc_col-md-2 vc_col-xs-2&#8243;][vc_icon icon_fontawesome=&#8221;fa fa-plane&#8221; color=&#8221;white&#8221; background_style=&#8221;rounded&#8221;][\/vc_column_inner][vc_column_inner width=&#8221;5\/6&#8243; offset=&#8221;vc_col-lg-10 vc_col-md-10 vc_col-xs-10&#8243;][vc_column_text]Zra\u010dne luke koje se nalaze u blizini su Zra\u010dna luka Split , Zra\u010dna luka Zadar te Zra\u010dna luka Dubrovnik.[\/vc_column_text][\/vc_column_inner][\/vc_row_inner][\/vc_column][vc_column width=&#8221;1\/2&#8243;][vc_row_inner][vc_column_inner width=&#8221;1\/6&#8243; offset=&#8221;vc_col-lg-2 vc_col-md-2 vc_col-xs-2&#8243;][vc_icon icon_fontawesome=&#8221;fa fa-ship&#8221; color=&#8221;white&#8221; background_style=&#8221;rounded&#8221;][\/vc_column_inner][vc_column_inner width=&#8221;5\/6&#8243; offset=&#8221;vc_col-lg-10 vc_col-md-10 vc_col-xs-10&#8243;][vc_column_text]Listu trajekata koji plove na lokalnim linijama mo\u017eete provjeriti na web [&hellip;]<\/p>\n","protected":false},"author":1,"featured_media":0,"parent":0,"menu_order":0,"comment_status":"closed","ping_status":"closed","template":"","meta":{"footnotes":""},"class_list":["post-2321","page","type-page","status-publish","hentry"],"yoast_head":"<!-- This site is optimized with the Yoast SEO plugin v27.1.1 - https:\/\/yoast.com\/product\/yoast-seo-wordpress\/ -->\n<title>Prona\u0111ite nas - Apartments Bikin<\/title>\n<meta name=\"description\" content=\"Prona\u0111ite nas lak\u0161e uz lokaciju na mapi te pregledajte i dodatne linkove za razli\u010dite transportne opcije.\" \/>\n<meta name=\"robots\" content=\"index, follow, max-snippet:-1, max-image-preview:large, max-video-preview:-1\" \/>\n<link rel=\"canonical\" href=\"https:\/\/bikin-brela.com\/hr\/pronadite-nas\/\" \/>\n<meta property=\"og:locale\" content=\"hr_HR\" \/>\n<meta property=\"og:type\" content=\"article\" \/>\n<meta property=\"og:title\" content=\"Prona\u0111ite nas - Apartments Bikin\" \/>\n<meta property=\"og:description\" content=\"Prona\u0111ite nas lak\u0161e uz lokaciju na mapi te pregledajte i dodatne linkove za razli\u010dite transportne opcije.\" \/>\n<meta property=\"og:url\" content=\"https:\/\/bikin-brela.com\/hr\/pronadite-nas\/\" \/>\n<meta property=\"og:site_name\" content=\"Apartments Bikin\" \/>\n<meta property=\"article:modified_time\" content=\"2021-03-19T10:27:37+00:00\" \/>\n<meta name=\"twitter:card\" content=\"summary_large_image\" \/>\n<meta name=\"twitter:label1\" content=\"Est. reading time\" \/>\n\t<meta name=\"twitter:data1\" content=\"1 minute\" \/>\n<script type=\"application\/ld+json\" class=\"yoast-schema-graph\">{\"@context\":\"https:\/\/schema.org\",\"@graph\":[{\"@type\":\"WebPage\",\"@id\":\"https:\/\/bikin-brela.com\/hr\/pronadite-nas\/\",\"url\":\"https:\/\/bikin-brela.com\/hr\/pronadite-nas\/\",\"name\":\"Prona\u0111ite nas - Apartments Bikin\",\"isPartOf\":{\"@id\":\"https:\/\/bikin-brela.com\/#website\"},\"datePublished\":\"2019-10-07T11:42:52+00:00\",\"dateModified\":\"2021-03-19T10:27:37+00:00\",\"description\":\"Prona\u0111ite nas lak\u0161e uz lokaciju na mapi te pregledajte i dodatne linkove za razli\u010dite transportne opcije.\",\"breadcrumb\":{\"@id\":\"https:\/\/bikin-brela.com\/hr\/pronadite-nas\/#breadcrumb\"},\"inLanguage\":\"hr-HR\",\"potentialAction\":[{\"@type\":\"ReadAction\",\"target\":[\"https:\/\/bikin-brela.com\/hr\/pronadite-nas\/\"]}]},{\"@type\":\"BreadcrumbList\",\"@id\":\"https:\/\/bikin-brela.com\/hr\/pronadite-nas\/#breadcrumb\",\"itemListElement\":[{\"@type\":\"ListItem\",\"position\":1,\"name\":\"Home\",\"item\":\"https:\/\/bikin-brela.com\/hr\/\"},{\"@type\":\"ListItem\",\"position\":2,\"name\":\"Prona\u0111ite nas\"}]},{\"@type\":\"WebSite\",\"@id\":\"https:\/\/bikin-brela.com\/#website\",\"url\":\"https:\/\/bikin-brela.com\/\",\"name\":\"Apartments Bikin\",\"description\":\"Brela\",\"potentialAction\":[{\"@type\":\"SearchAction\",\"target\":{\"@type\":\"EntryPoint\",\"urlTemplate\":\"https:\/\/bikin-brela.com\/?s={search_term_string}\"},\"query-input\":{\"@type\":\"PropertyValueSpecification\",\"valueRequired\":true,\"valueName\":\"search_term_string\"}}],\"inLanguage\":\"hr-HR\"}]}<\/script>\n<!-- \/ Yoast SEO plugin. -->","yoast_head_json":{"title":"Prona\u0111ite nas - Apartments Bikin","description":"Prona\u0111ite nas lak\u0161e uz lokaciju na mapi te pregledajte i dodatne linkove za razli\u010dite transportne opcije.","robots":{"index":"index","follow":"follow","max-snippet":"max-snippet:-1","max-image-preview":"max-image-preview:large","max-video-preview":"max-video-preview:-1"},"canonical":"https:\/\/bikin-brela.com\/hr\/pronadite-nas\/","og_locale":"hr_HR","og_type":"article","og_title":"Prona\u0111ite nas - Apartments Bikin","og_description":"Prona\u0111ite nas lak\u0161e uz lokaciju na mapi te pregledajte i dodatne linkove za razli\u010dite transportne opcije.","og_url":"https:\/\/bikin-brela.com\/hr\/pronadite-nas\/","og_site_name":"Apartments Bikin","article_modified_time":"2021-03-19T10:27:37+00:00","twitter_card":"summary_large_image","twitter_misc":{"Est. reading time":"1 minute"},"schema":{"@context":"https:\/\/schema.org","@graph":[{"@type":"WebPage","@id":"https:\/\/bikin-brela.com\/hr\/pronadite-nas\/","url":"https:\/\/bikin-brela.com\/hr\/pronadite-nas\/","name":"Prona\u0111ite nas - Apartments Bikin","isPartOf":{"@id":"https:\/\/bikin-brela.com\/#website"},"datePublished":"2019-10-07T11:42:52+00:00","dateModified":"2021-03-19T10:27:37+00:00","description":"Prona\u0111ite nas lak\u0161e uz lokaciju na mapi te pregledajte i dodatne linkove za razli\u010dite transportne opcije.","breadcrumb":{"@id":"https:\/\/bikin-brela.com\/hr\/pronadite-nas\/#breadcrumb"},"inLanguage":"hr-HR","potentialAction":[{"@type":"ReadAction","target":["https:\/\/bikin-brela.com\/hr\/pronadite-nas\/"]}]},{"@type":"BreadcrumbList","@id":"https:\/\/bikin-brela.com\/hr\/pronadite-nas\/#breadcrumb","itemListElement":[{"@type":"ListItem","position":1,"name":"Home","item":"https:\/\/bikin-brela.com\/hr\/"},{"@type":"ListItem","position":2,"name":"Prona\u0111ite nas"}]},{"@type":"WebSite","@id":"https:\/\/bikin-brela.com\/#website","url":"https:\/\/bikin-brela.com\/","name":"Apartments Bikin","description":"Brela","potentialAction":[{"@type":"SearchAction","target":{"@type":"EntryPoint","urlTemplate":"https:\/\/bikin-brela.com\/?s={search_term_string}"},"query-input":{"@type":"PropertyValueSpecification","valueRequired":true,"valueName":"search_term_string"}}],"inLanguage":"hr-HR"}]}},"_links":{"self":[{"href":"https:\/\/bikin-brela.com\/hr\/wp-json\/wp\/v2\/pages\/2321","targetHints":{"allow":["GET"]}}],"collection":[{"href":"https:\/\/bikin-brela.com\/hr\/wp-json\/wp\/v2\/pages"}],"about":[{"href":"https:\/\/bikin-brela.com\/hr\/wp-json\/wp\/v2\/types\/page"}],"author":[{"embeddable":true,"href":"https:\/\/bikin-brela.com\/hr\/wp-json\/wp\/v2\/users\/1"}],"replies":[{"embeddable":true,"href":"https:\/\/bikin-brela.com\/hr\/wp-json\/wp\/v2\/comments?post=2321"}],"version-history":[{"count":2,"href":"https:\/\/bikin-brela.com\/hr\/wp-json\/wp\/v2\/pages\/2321\/revisions"}],"predecessor-version":[{"id":2702,"href":"https:\/\/bikin-brela.com\/hr\/wp-json\/wp\/v2\/pages\/2321\/revisions\/2702"}],"wp:attachment":[{"href":"https:\/\/bikin-brela.com\/hr\/wp-json\/wp\/v2\/media?parent=2321"}],"curies":[{"name":"wp","href":"https:\/\/api.w.org\/{rel}","templated":true}]}}